{"id":2047,"date":"2026-02-11T23:13:22","date_gmt":"2026-02-11T23:13:22","guid":{"rendered":"https:\/\/saintvincentwine.com\/?page_id=2047"},"modified":"2026-02-11T23:37:40","modified_gmt":"2026-02-11T23:37:40","slug":"tienda-en-linea","status":"publish","type":"page","link":"https:\/\/saintvincentwine.com\/?page_id=2047","title":{"rendered":"Tienda en l\u00ednea"},"content":{"rendered":"\n<p>Compa\u00f1\u00eda de Vinos del Se\u00f1or Rajuela es la tienda oficial de Saint Vincent Wine. Pedidos a todo el pa\u00eds.<\/p>\n\n\n\n<p><a href=\"https:\/\/vinosdelsrrajuela.com\/\">https:\/\/vinosdelsrrajuela.com\/<\/a><\/p>\n\n\n\n<figure class=\"wp-block-image size-full\"><a href=\"https:\/\/vinosdelsrrajuela.com\/\" target=\"_blank\" rel=\"Tienda en l\u00ednea noreferrer noopener\"><img fetchpriority=\"high\" decoding=\"async\" width=\"400\" height=\"400\" src=\"https:\/\/saintvincentwine.com\/wp-content\/uploads\/2026\/02\/Saint-Vincent-Wine-Tienda-de-vinos.png\" alt=\"\" class=\"wp-image-2044\" srcset=\"https:\/\/saintvincentwine.com\/wp-content\/uploads\/2026\/02\/Saint-Vincent-Wine-Tienda-de-vinos.png 400w, https:\/\/saintvincentwine.com\/wp-content\/uploads\/2026\/02\/Saint-Vincent-Wine-Tienda-de-vinos-300x300.png 300w, https:\/\/saintvincentwine.com\/wp-content\/uploads\/2026\/02\/Saint-Vincent-Wine-Tienda-de-vinos-150x150.png 150w\" sizes=\"(max-width: 400px) 100vw, 400px\" \/><\/a><\/figure>\n","protected":false},"excerpt":{"rendered":"<p>Compa\u00f1\u00eda de Vinos del Se\u00f1or Rajuela es la tienda oficial de Saint Vincent Wine. Pedidos a todo el pa\u00eds. https:\/\/vinosdelsrrajuela.com\/<\/p>\n","protected":false},"author":2,"featured_media":0,"parent":0,"menu_order":0,"comment_status":"closed","ping_status":"closed","template":"","meta":{"footnotes":"","inspiro_hide_title":false},"featured_media_urls":[],"_links":{"self":[{"href":"https:\/\/saintvincentwine.com\/index.php?rest_route=\/wp\/v2\/pages\/2047"}],"collection":[{"href":"https:\/\/saintvincentwine.com\/index.php?rest_route=\/wp\/v2\/pages"}],"about":[{"href":"https:\/\/saintvincentwine.com\/index.php?rest_route=\/wp\/v2\/types\/page"}],"author":[{"embeddable":true,"href":"https:\/\/saintvincentwine.com\/index.php?rest_route=\/wp\/v2\/users\/2"}],"replies":[{"embeddable":true,"href":"https:\/\/saintvincentwine.com\/index.php?rest_route=%2Fwp%2Fv2%2Fcomments&post=2047"}],"version-history":[{"count":4,"href":"https:\/\/saintvincentwine.com\/index.php?rest_route=\/wp\/v2\/pages\/2047\/revisions"}],"predecessor-version":[{"id":2057,"href":"https:\/\/saintvincentwine.com\/index.php?rest_route=\/wp\/v2\/pages\/2047\/revisions\/2057"}],"wp:attachment":[{"href":"https:\/\/saintvincentwine.com\/index.php?rest_route=%2Fwp%2Fv2%2Fmedia&parent=2047"}],"curies":[{"name":"wp","href":"https:\/\/api.w.org\/{rel}","templated":true}]}}